{"id":19,"date":"2023-11-01T13:23:20","date_gmt":"2023-11-01T13:23:20","guid":{"rendered":"https:\/\/pssengenhariaeprojetos.com.br\/?page_id=19"},"modified":"2024-03-25T14:37:03","modified_gmt":"2024-03-25T14:37:03","slug":"quem-somos","status":"publish","type":"page","link":"https:\/\/pssengenhariaeprojetos.com.br\/index.php\/quem-somos\/","title":{"rendered":"Quem somos"},"content":{"rendered":"\t\t<div data-elementor-type=\"wp-page\" data-elementor-id=\"19\" class=\"elementor elementor-19\" data-elementor-post-type=\"page\">\n\t\t\t\t<div class=\"elementor-element elementor-element-5b18dfa e-flex e-con-boxed e-con e-parent\" data-id=\"5b18dfa\" data-element_type=\"container\">\n\t\t\t\t\t<div class=\"e-con-inner\">\n\t\t\t\t<div class=\"elementor-element elementor-element-e036f0c elementor-widget elementor-widget-heading\" data-id=\"e036f0c\" data-element_type=\"widget\" data-widget_type=\"heading.default\">\n\t\t\t\t<div class=\"elementor-widget-container\">\n\t\t\t\t\t<h2 class=\"elementor-heading-title elementor-size-default\">SOBRE N\u00d3S<\/h2>\t\t\t\t<\/div>\n\t\t\t\t<\/div>\n\t\t\t\t\t<\/div>\n\t\t\t\t<\/div>\n\t\t<div class=\"elementor-element elementor-element-3fd138b e-flex e-con-boxed e-con e-parent\" data-id=\"3fd138b\" data-element_type=\"container\">\n\t\t\t\t\t<div class=\"e-con-inner\">\n\t\t<div class=\"elementor-element elementor-element-1dd8225 e-con-full e-flex e-con e-child\" data-id=\"1dd8225\" data-element_type=\"container\">\n\t\t\t\t<div class=\"elementor-element elementor-element-cc24035 elementor-widget elementor-widget-heading\" data-id=\"cc24035\" data-element_type=\"widget\" data-widget_type=\"heading.default\">\n\t\t\t\t<div class=\"elementor-widget-container\">\n\t\t\t\t\t<h2 class=\"elementor-heading-title elementor-size-default\">Ol\u00e1, somos a<\/h2>\t\t\t\t<\/div>\n\t\t\t\t<\/div>\n\t\t\t\t<div class=\"elementor-element elementor-element-4107912 elementor-widget elementor-widget-heading\" data-id=\"4107912\" data-element_type=\"widget\" data-widget_type=\"heading.default\">\n\t\t\t\t<div class=\"elementor-widget-container\">\n\t\t\t\t\t<h2 class=\"elementor-heading-title elementor-size-default\">PSS ENGENHARIA &amp; PROJETOS<\/h2>\t\t\t\t<\/div>\n\t\t\t\t<\/div>\n\t\t\t\t<div class=\"elementor-element elementor-element-67c5b20 elementor-widget elementor-widget-text-editor\" data-id=\"67c5b20\" data-element_type=\"widget\" data-widget_type=\"text-editor.default\">\n\t\t\t\t<div class=\"elementor-widget-container\">\n\t\t\t\t\t\t\t\t\t<p>A PSS engenharia foi criada em 2011 para assegurar a melhoria cont\u00ednua dos produtos e servi\u00e7os oferecidos e satisfazer a necessidade e expectativa dos nossos clientes, colaboradores e parceiros envolvidos.<\/p><p>Especializada em solu\u00e7\u00f5es para reestrutura\u00e7\u00e3o de projetos e impermeabiliza\u00e7\u00e3o e projetos de engenharia em geral. \u2028<\/p><p>Prestando servi\u00e7os de engenharia com alto suporte t\u00e9cnico para empresas, se tornando uma das maiores refer\u00eancia em qualidade e confiabilidade no Nordeste.<\/p>\t\t\t\t\t\t\t\t<\/div>\n\t\t\t\t<\/div>\n\t\t\t\t<\/div>\n\t\t<div class=\"elementor-element elementor-element-e8c2c59 e-con-full e-flex e-con e-child\" data-id=\"e8c2c59\" data-element_type=\"container\">\n\t\t\t\t<div class=\"elementor-element elementor-element-86404b2 elementor-widget elementor-widget-video\" data-id=\"86404b2\" data-element_type=\"widget\" data-settings=\"{&quot;youtube_url&quot;:&quot;https:\\\/\\\/youtu.be\\\/W6cLamm_scw&quot;,&quot;video_type&quot;:&quot;youtube&quot;,&quot;controls&quot;:&quot;yes&quot;}\" data-widget_type=\"video.default\">\n\t\t\t\t<div class=\"elementor-widget-container\">\n\t\t\t\t\t\t\t<div class=\"elementor-wrapper elementor-open-inline\">\n\t\t\t<div class=\"elementor-video\"><\/div>\t\t<\/div>\n\t\t\t\t\t\t<\/div>\n\t\t\t\t<\/div>\n\t\t\t\t<\/div>\n\t\t\t\t\t<\/div>\n\t\t\t\t<\/div>\n\t\t<div class=\"elementor-element elementor-element-d40f4e8 e-flex e-con-boxed e-con e-parent\" data-id=\"d40f4e8\" data-element_type=\"container\">\n\t\t\t\t\t<div class=\"e-con-inner\">\n\t\t<div class=\"elementor-element elementor-element-f9e04b9 e-con-full e-flex e-con e-child\" data-id=\"f9e04b9\" data-element_type=\"container\">\n\t\t\t\t<div class=\"elementor-element elementor-element-c19f8dd elementor-widget elementor-widget-image\" data-id=\"c19f8dd\" data-element_type=\"widget\" data-widget_type=\"image.default\">\n\t\t\t\t<div class=\"elementor-widget-container\">\n\t\t\t\t\t\t\t\t\t\t\t\t\t\t\t<img decoding=\"async\" width=\"166\" height=\"155\" src=\"https:\/\/pssengenhariaeprojetos.com.br\/wp-content\/uploads\/2023\/11\/mountain.png\" class=\"attachment-full size-full wp-image-159\" alt=\"\" \/>\t\t\t\t\t\t\t\t\t\t\t\t\t\t\t<\/div>\n\t\t\t\t<\/div>\n\t\t\t\t<div class=\"elementor-element elementor-element-946f255 elementor-widget elementor-widget-heading\" data-id=\"946f255\" data-element_type=\"widget\" data-widget_type=\"heading.default\">\n\t\t\t\t<div class=\"elementor-widget-container\">\n\t\t\t\t\t<h2 class=\"elementor-heading-title elementor-size-default\">Nossa miss\u00e3o<\/h2>\t\t\t\t<\/div>\n\t\t\t\t<\/div>\n\t\t\t\t<div class=\"elementor-element elementor-element-1173908 elementor-widget elementor-widget-text-editor\" data-id=\"1173908\" data-element_type=\"widget\" data-widget_type=\"text-editor.default\">\n\t\t\t\t<div class=\"elementor-widget-container\">\n\t\t\t\t\t\t\t\t\t<p>Desenvolver solu\u00e7\u00f5es de Engenharia com excel\u00eancia, capazes de atingir e impulsionar os resultados dos nossos clientes, inspirando nossos colaboradores para alcan\u00e7ar o seu potencial m\u00e1ximo.<\/p>\t\t\t\t\t\t\t\t<\/div>\n\t\t\t\t<\/div>\n\t\t\t\t<\/div>\n\t\t<div class=\"elementor-element elementor-element-a531be4 e-con-full e-flex e-con e-child\" data-id=\"a531be4\" data-element_type=\"container\">\n\t\t\t\t<div class=\"elementor-element elementor-element-f266a88 elementor-widget elementor-widget-image\" data-id=\"f266a88\" data-element_type=\"widget\" data-widget_type=\"image.default\">\n\t\t\t\t<div class=\"elementor-widget-container\">\n\t\t\t\t\t\t\t\t\t\t\t\t\t\t\t<img decoding=\"async\" width=\"193\" height=\"148\" src=\"https:\/\/pssengenhariaeprojetos.com.br\/wp-content\/uploads\/2023\/11\/binoculars.png\" class=\"attachment-full size-full wp-image-158\" alt=\"\" \/>\t\t\t\t\t\t\t\t\t\t\t\t\t\t\t<\/div>\n\t\t\t\t<\/div>\n\t\t\t\t<div class=\"elementor-element elementor-element-bb80abd elementor-widget elementor-widget-heading\" data-id=\"bb80abd\" data-element_type=\"widget\" data-widget_type=\"heading.default\">\n\t\t\t\t<div class=\"elementor-widget-container\">\n\t\t\t\t\t<h2 class=\"elementor-heading-title elementor-size-default\">Nossa vis\u00e3o<\/h2>\t\t\t\t<\/div>\n\t\t\t\t<\/div>\n\t\t\t\t<div class=\"elementor-element elementor-element-55351a3 elementor-widget elementor-widget-text-editor\" data-id=\"55351a3\" data-element_type=\"widget\" data-widget_type=\"text-editor.default\">\n\t\t\t\t<div class=\"elementor-widget-container\">\n\t\t\t\t\t\t\t\t\tBuscar uma maior diversifica\u00e7\u00e3o dos clientes no mercado de commodities.\nElabora\u00e7\u00e3o de novos servi\u00e7os ou produtos atrav\u00e9s de um maior investimento em inova\u00e7\u00e3o e desenvolvimento, com foco na ind\u00fastria 4.0.\n\nPromover a capta\u00e7\u00e3o e reten\u00e7\u00e3o de talentos.\t\t\t\t\t\t\t\t<\/div>\n\t\t\t\t<\/div>\n\t\t\t\t<\/div>\n\t\t<div class=\"elementor-element elementor-element-7790e53 e-con-full e-flex e-con e-child\" data-id=\"7790e53\" data-element_type=\"container\">\n\t\t\t\t<div class=\"elementor-element elementor-element-da353df elementor-widget elementor-widget-image\" data-id=\"da353df\" data-element_type=\"widget\" data-widget_type=\"image.default\">\n\t\t\t\t<div class=\"elementor-widget-container\">\n\t\t\t\t\t\t\t\t\t\t\t\t\t\t\t<img decoding=\"async\" width=\"172\" height=\"153\" src=\"https:\/\/pssengenhariaeprojetos.com.br\/wp-content\/uploads\/2023\/11\/diamond.png\" class=\"attachment-full size-full wp-image-157\" alt=\"\" \/>\t\t\t\t\t\t\t\t\t\t\t\t\t\t\t<\/div>\n\t\t\t\t<\/div>\n\t\t\t\t<div class=\"elementor-element elementor-element-9109107 elementor-widget elementor-widget-heading\" data-id=\"9109107\" data-element_type=\"widget\" data-widget_type=\"heading.default\">\n\t\t\t\t<div class=\"elementor-widget-container\">\n\t\t\t\t\t<h2 class=\"elementor-heading-title elementor-size-default\">Nossos valores<\/h2>\t\t\t\t<\/div>\n\t\t\t\t<\/div>\n\t\t\t\t<div class=\"elementor-element elementor-element-e7bd2b5 elementor-widget elementor-widget-text-editor\" data-id=\"e7bd2b5\" data-element_type=\"widget\" data-widget_type=\"text-editor.default\">\n\t\t\t\t<div class=\"elementor-widget-container\">\n\t\t\t\t\t\t\t\t\t<p>Integridade<\/p><p>Excel\u00eancia<\/p><p>Paix\u00e3o<\/p><p>Inova\u00e7\u00e3o<\/p><p>Colabora\u00e7\u00e3o<\/p>\t\t\t\t\t\t\t\t<\/div>\n\t\t\t\t<\/div>\n\t\t\t\t<\/div>\n\t\t\t\t\t<\/div>\n\t\t\t\t<\/div>\n\t\t<div class=\"elementor-element elementor-element-9a3ee8f e-flex e-con-boxed e-con e-parent\" data-id=\"9a3ee8f\" data-element_type=\"container\">\n\t\t\t\t\t<div class=\"e-con-inner\">\n\t\t\t\t<div class=\"elementor-element elementor-element-2ef73de elementor-widget elementor-widget-heading\" data-id=\"2ef73de\" data-element_type=\"widget\" data-widget_type=\"heading.default\">\n\t\t\t\t<div class=\"elementor-widget-container\">\n\t\t\t\t\t<h2 class=\"elementor-heading-title elementor-size-default\">OU\u00c7A A VOZ DA NOSSA EQUIPE<\/h2>\t\t\t\t<\/div>\n\t\t\t\t<\/div>\n\t\t\t\t\t<\/div>\n\t\t\t\t<\/div>\n\t\t<div class=\"elementor-element elementor-element-1070d23 e-flex e-con-boxed e-con e-parent\" data-id=\"1070d23\" data-element_type=\"container\">\n\t\t\t\t\t<div class=\"e-con-inner\">\n\t\t\t\t<div class=\"elementor-element elementor-element-3c8127a elementor-skin-carousel elementor-arrows-yes elementor-pagination-type-bullets elementor-pagination-position-outside elementor-widget elementor-widget-media-carousel\" data-id=\"3c8127a\" data-element_type=\"widget\" data-settings=\"{&quot;slides_per_view&quot;:&quot;3&quot;,&quot;skin&quot;:&quot;carousel&quot;,&quot;effect&quot;:&quot;slide&quot;,&quot;show_arrows&quot;:&quot;yes&quot;,&quot;pagination&quot;:&quot;bullets&quot;,&quot;speed&quot;:500,&quot;autoplay&quot;:&quot;yes&quot;,&quot;autoplay_speed&quot;:5000,&quot;loop&quot;:&quot;yes&quot;,&quot;pause_on_hover&quot;:&quot;yes&quot;,&quot;pause_on_interaction&quot;:&quot;yes&quot;,&quot;space_between&quot;:{&quot;unit&quot;:&quot;px&quot;,&quot;size&quot;:10,&quot;sizes&quot;:[]},&quot;space_between_tablet&quot;:{&quot;unit&quot;:&quot;px&quot;,&quot;size&quot;:10,&quot;sizes&quot;:[]},&quot;space_between_mobile&quot;:{&quot;unit&quot;:&quot;px&quot;,&quot;size&quot;:10,&quot;sizes&quot;:[]}}\" data-widget_type=\"media-carousel.default\">\n\t\t\t\t<div class=\"elementor-widget-container\">\n\t\t\t\t\t\t\t\t\t<div class=\"elementor-swiper\">\n\t\t\t\t\t<div class=\"elementor-main-swiper swiper\" role=\"region\" aria-roledescription=\"carousel\" aria-label=\"Slides\">\n\t\t\t\t<div class=\"swiper-wrapper\">\n\t\t\t\t\t\t\t\t\t\t\t<div class=\"swiper-slide\" role=\"group\" aria-roledescription=\"slide\">\n\t\t\t\t\t\t\t<a href=\"https:\/\/pssengenhariaeprojetos.com.br\/wp-content\/uploads\/2024\/01\/mqdefault_6s.webp\" data-elementor-open-lightbox=\"yes\" data-elementor-lightbox-slideshow=\"3c8127a\" data-elementor-lightbox-title=\"mqdefault_6s\" data-e-action-hash=\"#elementor-action%3Aaction%3Dlightbox%26settings%3DeyJpZCI6MjQ0LCJ1cmwiOiJodHRwczpcL1wvcHNzZW5nZW5oYXJpYWVwcm9qZXRvcy5jb20uYnJcL3dwLWNvbnRlbnRcL3VwbG9hZHNcLzIwMjRcLzAxXC9tcWRlZmF1bHRfNnMud2VicCIsInNsaWRlc2hvdyI6IjNjODEyN2EifQ%3D%3D\" data-elementor-lightbox-video=\"https:\/\/www.youtube.com\/embed\/jr9D-W6O0dY?feature=oembed&amp;autoplay=1&amp;rel=0&amp;controls=0\">\t\t<div class=\"elementor-carousel-image\" role=\"img\" aria-label=\"mqdefault_6s\" style=\"background-image: url(&#039;https:\/\/pssengenhariaeprojetos.com.br\/wp-content\/uploads\/2024\/01\/mqdefault_6s.webp&#039;)\">\n\n\t\t\t\n\t\t\t\t\t\t\t<div class=\"elementor-custom-embed-play\">\n\t\t\t\t\t<svg aria-hidden=\"true\" class=\"e-font-icon-svg e-eicon-play\" viewBox=\"0 0 1000 1000\" xmlns=\"http:\/\/www.w3.org\/2000\/svg\"><path d=\"M838 162C746 71 633 25 500 25 371 25 258 71 163 162 71 254 25 367 25 500 25 633 71 746 163 837 254 929 367 979 500 979 633 979 746 933 838 837 929 746 975 633 975 500 975 367 929 254 838 162M808 192C892 279 933 379 933 500 933 621 892 725 808 808 725 892 621 938 500 938 379 938 279 896 196 808 113 725 67 621 67 500 67 379 108 279 196 192 279 108 383 62 500 62 621 62 721 108 808 192M438 392V642L642 517 438 392Z\"><\/path><\/svg>\t\t\t\t\t<span class=\"elementor-screen-only\">Play<\/span>\n\t\t\t\t<\/div>\n\t\t\t\t\t<\/div>\n\t\t<\/a>\t\t\t\t\t\t<\/div>\n\t\t\t\t\t\t\t\t\t\t\t<div class=\"swiper-slide\" role=\"group\" aria-roledescription=\"slide\">\n\t\t\t\t\t\t\t<a href=\"https:\/\/pssengenhariaeprojetos.com.br\/wp-content\/uploads\/2024\/01\/mqdefault_6s-1.webp\" data-elementor-open-lightbox=\"yes\" data-elementor-lightbox-slideshow=\"3c8127a\" data-elementor-lightbox-title=\"mqdefault_6s (1)\" data-e-action-hash=\"#elementor-action%3Aaction%3Dlightbox%26settings%3DeyJpZCI6MjQ1LCJ1cmwiOiJodHRwczpcL1wvcHNzZW5nZW5oYXJpYWVwcm9qZXRvcy5jb20uYnJcL3dwLWNvbnRlbnRcL3VwbG9hZHNcLzIwMjRcLzAxXC9tcWRlZmF1bHRfNnMtMS53ZWJwIiwic2xpZGVzaG93IjoiM2M4MTI3YSJ9\" data-elementor-lightbox-video=\"https:\/\/www.youtube.com\/embed\/E9w2IT369L4?feature=oembed&amp;autoplay=1&amp;rel=0&amp;controls=0\">\t\t<div class=\"elementor-carousel-image\" role=\"img\" aria-label=\"mqdefault_6s (1)\" style=\"background-image: url(&#039;https:\/\/pssengenhariaeprojetos.com.br\/wp-content\/uploads\/2024\/01\/mqdefault_6s-1.webp&#039;)\">\n\n\t\t\t\n\t\t\t\t\t\t\t<div class=\"elementor-custom-embed-play\">\n\t\t\t\t\t<svg aria-hidden=\"true\" class=\"e-font-icon-svg e-eicon-play\" viewBox=\"0 0 1000 1000\" xmlns=\"http:\/\/www.w3.org\/2000\/svg\"><path d=\"M838 162C746 71 633 25 500 25 371 25 258 71 163 162 71 254 25 367 25 500 25 633 71 746 163 837 254 929 367 979 500 979 633 979 746 933 838 837 929 746 975 633 975 500 975 367 929 254 838 162M808 192C892 279 933 379 933 500 933 621 892 725 808 808 725 892 621 938 500 938 379 938 279 896 196 808 113 725 67 621 67 500 67 379 108 279 196 192 279 108 383 62 500 62 621 62 721 108 808 192M438 392V642L642 517 438 392Z\"><\/path><\/svg>\t\t\t\t\t<span class=\"elementor-screen-only\">Play<\/span>\n\t\t\t\t<\/div>\n\t\t\t\t\t<\/div>\n\t\t<\/a>\t\t\t\t\t\t<\/div>\n\t\t\t\t\t\t\t\t\t\t\t<div class=\"swiper-slide\" role=\"group\" aria-roledescription=\"slide\">\n\t\t\t\t\t\t\t<a href=\"https:\/\/pssengenhariaeprojetos.com.br\/wp-content\/uploads\/2024\/01\/mqdefault_6s-2.webp\" data-elementor-open-lightbox=\"yes\" data-elementor-lightbox-slideshow=\"3c8127a\" data-elementor-lightbox-title=\"mqdefault_6s (2)\" data-e-action-hash=\"#elementor-action%3Aaction%3Dlightbox%26settings%3DeyJpZCI6MjQ2LCJ1cmwiOiJodHRwczpcL1wvcHNzZW5nZW5oYXJpYWVwcm9qZXRvcy5jb20uYnJcL3dwLWNvbnRlbnRcL3VwbG9hZHNcLzIwMjRcLzAxXC9tcWRlZmF1bHRfNnMtMi53ZWJwIiwic2xpZGVzaG93IjoiM2M4MTI3YSJ9\" data-elementor-lightbox-video=\"https:\/\/www.youtube.com\/embed\/qCUiNRO-u0I?feature=oembed&amp;autoplay=1&amp;rel=0&amp;controls=0\">\t\t<div class=\"elementor-carousel-image\" role=\"img\" aria-label=\"mqdefault_6s (2)\" style=\"background-image: url(&#039;https:\/\/pssengenhariaeprojetos.com.br\/wp-content\/uploads\/2024\/01\/mqdefault_6s-2.webp&#039;)\">\n\n\t\t\t\n\t\t\t\t\t\t\t<div class=\"elementor-custom-embed-play\">\n\t\t\t\t\t<svg aria-hidden=\"true\" class=\"e-font-icon-svg e-eicon-play\" viewBox=\"0 0 1000 1000\" xmlns=\"http:\/\/www.w3.org\/2000\/svg\"><path d=\"M838 162C746 71 633 25 500 25 371 25 258 71 163 162 71 254 25 367 25 500 25 633 71 746 163 837 254 929 367 979 500 979 633 979 746 933 838 837 929 746 975 633 975 500 975 367 929 254 838 162M808 192C892 279 933 379 933 500 933 621 892 725 808 808 725 892 621 938 500 938 379 938 279 896 196 808 113 725 67 621 67 500 67 379 108 279 196 192 279 108 383 62 500 62 621 62 721 108 808 192M438 392V642L642 517 438 392Z\"><\/path><\/svg>\t\t\t\t\t<span class=\"elementor-screen-only\">Play<\/span>\n\t\t\t\t<\/div>\n\t\t\t\t\t<\/div>\n\t\t<\/a>\t\t\t\t\t\t<\/div>\n\t\t\t\t\t\t\t\t\t\t\t<div class=\"swiper-slide\" role=\"group\" aria-roledescription=\"slide\">\n\t\t\t\t\t\t\t<a href=\"https:\/\/pssengenhariaeprojetos.com.br\/wp-content\/uploads\/2024\/01\/mqdefault_6s-3.webp\" data-elementor-open-lightbox=\"yes\" data-elementor-lightbox-slideshow=\"3c8127a\" data-elementor-lightbox-title=\"mqdefault_6s (3)\" data-e-action-hash=\"#elementor-action%3Aaction%3Dlightbox%26settings%3DeyJpZCI6MjQ3LCJ1cmwiOiJodHRwczpcL1wvcHNzZW5nZW5oYXJpYWVwcm9qZXRvcy5jb20uYnJcL3dwLWNvbnRlbnRcL3VwbG9hZHNcLzIwMjRcLzAxXC9tcWRlZmF1bHRfNnMtMy53ZWJwIiwic2xpZGVzaG93IjoiM2M4MTI3YSJ9\" data-elementor-lightbox-video=\"https:\/\/www.youtube.com\/embed\/sZ9JeFhYoNg?feature=oembed&amp;autoplay=1&amp;rel=0&amp;controls=0\">\t\t<div class=\"elementor-carousel-image\" role=\"img\" aria-label=\"mqdefault_6s (3)\" style=\"background-image: url(&#039;https:\/\/pssengenhariaeprojetos.com.br\/wp-content\/uploads\/2024\/01\/mqdefault_6s-3.webp&#039;)\">\n\n\t\t\t\n\t\t\t\t\t\t\t<div class=\"elementor-custom-embed-play\">\n\t\t\t\t\t<svg aria-hidden=\"true\" class=\"e-font-icon-svg e-eicon-play\" viewBox=\"0 0 1000 1000\" xmlns=\"http:\/\/www.w3.org\/2000\/svg\"><path d=\"M838 162C746 71 633 25 500 25 371 25 258 71 163 162 71 254 25 367 25 500 25 633 71 746 163 837 254 929 367 979 500 979 633 979 746 933 838 837 929 746 975 633 975 500 975 367 929 254 838 162M808 192C892 279 933 379 933 500 933 621 892 725 808 808 725 892 621 938 500 938 379 938 279 896 196 808 113 725 67 621 67 500 67 379 108 279 196 192 279 108 383 62 500 62 621 62 721 108 808 192M438 392V642L642 517 438 392Z\"><\/path><\/svg>\t\t\t\t\t<span class=\"elementor-screen-only\">Play<\/span>\n\t\t\t\t<\/div>\n\t\t\t\t\t<\/div>\n\t\t<\/a>\t\t\t\t\t\t<\/div>\n\t\t\t\t\t\t\t\t\t\t\t<div class=\"swiper-slide\" role=\"group\" aria-roledescription=\"slide\">\n\t\t\t\t\t\t\t<a href=\"https:\/\/pssengenhariaeprojetos.com.br\/wp-content\/uploads\/2024\/01\/mqdefault_6s-4.webp\" data-elementor-open-lightbox=\"yes\" data-elementor-lightbox-slideshow=\"3c8127a\" data-elementor-lightbox-title=\"mqdefault_6s (4)\" data-e-action-hash=\"#elementor-action%3Aaction%3Dlightbox%26settings%3DeyJpZCI6MjQ4LCJ1cmwiOiJodHRwczpcL1wvcHNzZW5nZW5oYXJpYWVwcm9qZXRvcy5jb20uYnJcL3dwLWNvbnRlbnRcL3VwbG9hZHNcLzIwMjRcLzAxXC9tcWRlZmF1bHRfNnMtNC53ZWJwIiwic2xpZGVzaG93IjoiM2M4MTI3YSJ9\" data-elementor-lightbox-video=\"https:\/\/www.youtube.com\/embed\/CN9CAAYJuU0?feature=oembed&amp;autoplay=1&amp;rel=0&amp;controls=0\">\t\t<div class=\"elementor-carousel-image\" role=\"img\" aria-label=\"mqdefault_6s (4)\" style=\"background-image: url(&#039;https:\/\/pssengenhariaeprojetos.com.br\/wp-content\/uploads\/2024\/01\/mqdefault_6s-4.webp&#039;)\">\n\n\t\t\t\n\t\t\t\t\t\t\t<div class=\"elementor-custom-embed-play\">\n\t\t\t\t\t<svg aria-hidden=\"true\" class=\"e-font-icon-svg e-eicon-play\" viewBox=\"0 0 1000 1000\" xmlns=\"http:\/\/www.w3.org\/2000\/svg\"><path d=\"M838 162C746 71 633 25 500 25 371 25 258 71 163 162 71 254 25 367 25 500 25 633 71 746 163 837 254 929 367 979 500 979 633 979 746 933 838 837 929 746 975 633 975 500 975 367 929 254 838 162M808 192C892 279 933 379 933 500 933 621 892 725 808 808 725 892 621 938 500 938 379 938 279 896 196 808 113 725 67 621 67 500 67 379 108 279 196 192 279 108 383 62 500 62 621 62 721 108 808 192M438 392V642L642 517 438 392Z\"><\/path><\/svg>\t\t\t\t\t<span class=\"elementor-screen-only\">Play<\/span>\n\t\t\t\t<\/div>\n\t\t\t\t\t<\/div>\n\t\t<\/a>\t\t\t\t\t\t<\/div>\n\t\t\t\t\t\t\t\t\t\t\t<div class=\"swiper-slide\" role=\"group\" aria-roledescription=\"slide\">\n\t\t\t\t\t\t\t<a href=\"https:\/\/pssengenhariaeprojetos.com.br\/wp-content\/uploads\/2024\/01\/mqdefault_6s-5.webp\" data-elementor-open-lightbox=\"yes\" data-elementor-lightbox-slideshow=\"3c8127a\" data-elementor-lightbox-title=\"mqdefault_6s (5)\" data-e-action-hash=\"#elementor-action%3Aaction%3Dlightbox%26settings%3DeyJpZCI6MjQ5LCJ1cmwiOiJodHRwczpcL1wvcHNzZW5nZW5oYXJpYWVwcm9qZXRvcy5jb20uYnJcL3dwLWNvbnRlbnRcL3VwbG9hZHNcLzIwMjRcLzAxXC9tcWRlZmF1bHRfNnMtNS53ZWJwIiwic2xpZGVzaG93IjoiM2M4MTI3YSJ9\" data-elementor-lightbox-video=\"https:\/\/www.youtube.com\/embed\/N3T5zdZRH-U?feature=oembed&amp;autoplay=1&amp;rel=0&amp;controls=0\">\t\t<div class=\"elementor-carousel-image\" role=\"img\" aria-label=\"mqdefault_6s (5)\" style=\"background-image: url(&#039;https:\/\/pssengenhariaeprojetos.com.br\/wp-content\/uploads\/2024\/01\/mqdefault_6s-5.webp&#039;)\">\n\n\t\t\t\n\t\t\t\t\t\t\t<div class=\"elementor-custom-embed-play\">\n\t\t\t\t\t<svg aria-hidden=\"true\" class=\"e-font-icon-svg e-eicon-play\" viewBox=\"0 0 1000 1000\" xmlns=\"http:\/\/www.w3.org\/2000\/svg\"><path d=\"M838 162C746 71 633 25 500 25 371 25 258 71 163 162 71 254 25 367 25 500 25 633 71 746 163 837 254 929 367 979 500 979 633 979 746 933 838 837 929 746 975 633 975 500 975 367 929 254 838 162M808 192C892 279 933 379 933 500 933 621 892 725 808 808 725 892 621 938 500 938 379 938 279 896 196 808 113 725 67 621 67 500 67 379 108 279 196 192 279 108 383 62 500 62 621 62 721 108 808 192M438 392V642L642 517 438 392Z\"><\/path><\/svg>\t\t\t\t\t<span class=\"elementor-screen-only\">Play<\/span>\n\t\t\t\t<\/div>\n\t\t\t\t\t<\/div>\n\t\t<\/a>\t\t\t\t\t\t<\/div>\n\t\t\t\t\t\t\t\t\t\t\t<div class=\"swiper-slide\" role=\"group\" aria-roledescription=\"slide\">\n\t\t\t\t\t\t\t<a href=\"https:\/\/pssengenhariaeprojetos.com.br\/wp-content\/uploads\/2024\/01\/mqdefault_6s-6.webp\" data-elementor-open-lightbox=\"yes\" data-elementor-lightbox-slideshow=\"3c8127a\" data-elementor-lightbox-title=\"mqdefault_6s (6)\" data-e-action-hash=\"#elementor-action%3Aaction%3Dlightbox%26settings%3DeyJpZCI6MjUwLCJ1cmwiOiJodHRwczpcL1wvcHNzZW5nZW5oYXJpYWVwcm9qZXRvcy5jb20uYnJcL3dwLWNvbnRlbnRcL3VwbG9hZHNcLzIwMjRcLzAxXC9tcWRlZmF1bHRfNnMtNi53ZWJwIiwic2xpZGVzaG93IjoiM2M4MTI3YSJ9\" data-elementor-lightbox-video=\"https:\/\/www.youtube.com\/embed\/uK8D7i-YyOs?feature=oembed&amp;autoplay=1&amp;rel=0&amp;controls=0\">\t\t<div class=\"elementor-carousel-image\" role=\"img\" aria-label=\"mqdefault_6s (6)\" style=\"background-image: url(&#039;https:\/\/pssengenhariaeprojetos.com.br\/wp-content\/uploads\/2024\/01\/mqdefault_6s-6.webp&#039;)\">\n\n\t\t\t\n\t\t\t\t\t\t\t<div class=\"elementor-custom-embed-play\">\n\t\t\t\t\t<svg aria-hidden=\"true\" class=\"e-font-icon-svg e-eicon-play\" viewBox=\"0 0 1000 1000\" xmlns=\"http:\/\/www.w3.org\/2000\/svg\"><path d=\"M838 162C746 71 633 25 500 25 371 25 258 71 163 162 71 254 25 367 25 500 25 633 71 746 163 837 254 929 367 979 500 979 633 979 746 933 838 837 929 746 975 633 975 500 975 367 929 254 838 162M808 192C892 279 933 379 933 500 933 621 892 725 808 808 725 892 621 938 500 938 379 938 279 896 196 808 113 725 67 621 67 500 67 379 108 279 196 192 279 108 383 62 500 62 621 62 721 108 808 192M438 392V642L642 517 438 392Z\"><\/path><\/svg>\t\t\t\t\t<span class=\"elementor-screen-only\">Play<\/span>\n\t\t\t\t<\/div>\n\t\t\t\t\t<\/div>\n\t\t<\/a>\t\t\t\t\t\t<\/div>\n\t\t\t\t\t\t\t\t\t<\/div>\n\t\t\t\t\t\t\t\t\t\t\t\t\t\t\t<div class=\"elementor-swiper-button elementor-swiper-button-prev\" role=\"button\" tabindex=\"0\" aria-label=\"Previous\">\n\t\t\t\t\t\t\t<svg aria-hidden=\"true\" class=\"e-font-icon-svg e-eicon-chevron-left\" viewBox=\"0 0 1000 1000\" xmlns=\"http:\/\/www.w3.org\/2000\/svg\"><path d=\"M646 125C629 125 613 133 604 142L308 442C296 454 292 471 292 487 292 504 296 521 308 533L604 854C617 867 629 875 646 875 663 875 679 871 692 858 704 846 713 829 713 812 713 796 708 779 692 767L438 487 692 225C700 217 708 204 708 187 708 171 704 154 692 142 675 129 663 125 646 125Z\"><\/path><\/svg>\t\t\t\t\t\t<\/div>\n\t\t\t\t\t\t<div class=\"elementor-swiper-button elementor-swiper-button-next\" role=\"button\" tabindex=\"0\" aria-label=\"Next\">\n\t\t\t\t\t\t\t<svg aria-hidden=\"true\" class=\"e-font-icon-svg e-eicon-chevron-right\" viewBox=\"0 0 1000 1000\" xmlns=\"http:\/\/www.w3.org\/2000\/svg\"><path d=\"M696 533C708 521 713 504 713 487 713 471 708 454 696 446L400 146C388 133 375 125 354 125 338 125 325 129 313 142 300 154 292 171 292 187 292 204 296 221 308 233L563 492 304 771C292 783 288 800 288 817 288 833 296 850 308 863 321 871 338 875 354 875 371 875 388 867 400 854L696 533Z\"><\/path><\/svg>\t\t\t\t\t\t<\/div>\n\t\t\t\t\t\t\t\t\t\t\t\t\t\t\t\t<div class=\"swiper-pagination\"><\/div>\n\t\t\t\t\t\t\t\t\t\t\t\t<\/div>\n\t\t\t\t<\/div>\n\t\t\t\t\t\t\t\t<\/div>\n\t\t\t\t<\/div>\n\t\t\t\t\t<\/div>\n\t\t\t\t<\/div>\n\t\t\t\t<\/div>\n\t\t","protected":false},"excerpt":{"rendered":"<p>SOBRE N\u00d3S Ol\u00e1, somos a PSS ENGENHARIA &amp; PROJETOS A PSS engenharia foi criada em 2011 para assegurar a melhoria cont\u00ednua dos produtos e servi\u00e7os oferecidos e satisfazer a necessidade e expectativa dos nossos clientes, colaboradores e parceiros envolvidos. Especializada em solu\u00e7\u00f5es para reestrutura\u00e7\u00e3o de projetos e impermeabiliza\u00e7\u00e3o e projetos de engenharia em geral. \u2028 [&hellip;]<\/p>\n","protected":false},"author":1,"featured_media":0,"parent":0,"menu_order":0,"comment_status":"closed","ping_status":"closed","template":"elementor_header_footer","meta":{"_acf_changed":false,"_joinchat":[],"footnotes":""},"class_list":["post-19","page","type-page","status-publish","hentry"],"acf":[],"_links":{"self":[{"href":"https:\/\/pssengenhariaeprojetos.com.br\/index.php\/wp-json\/wp\/v2\/pages\/19","targetHints":{"allow":["GET"]}}],"collection":[{"href":"https:\/\/pssengenhariaeprojetos.com.br\/index.php\/wp-json\/wp\/v2\/pages"}],"about":[{"href":"https:\/\/pssengenhariaeprojetos.com.br\/index.php\/wp-json\/wp\/v2\/types\/page"}],"author":[{"embeddable":true,"href":"https:\/\/pssengenhariaeprojetos.com.br\/index.php\/wp-json\/wp\/v2\/users\/1"}],"replies":[{"embeddable":true,"href":"https:\/\/pssengenhariaeprojetos.com.br\/index.php\/wp-json\/wp\/v2\/comments?post=19"}],"version-history":[{"count":19,"href":"https:\/\/pssengenhariaeprojetos.com.br\/index.php\/wp-json\/wp\/v2\/pages\/19\/revisions"}],"predecessor-version":[{"id":432,"href":"https:\/\/pssengenhariaeprojetos.com.br\/index.php\/wp-json\/wp\/v2\/pages\/19\/revisions\/432"}],"wp:attachment":[{"href":"https:\/\/pssengenhariaeprojetos.com.br\/index.php\/wp-json\/wp\/v2\/media?parent=19"}],"curies":[{"name":"wp","href":"https:\/\/api.w.org\/{rel}","templated":true}]}}