{"id":21,"date":"2023-11-01T13:24:10","date_gmt":"2023-11-01T13:24:10","guid":{"rendered":"https:\/\/pssengenhariaeprojetos.com.br\/?page_id=21"},"modified":"2024-01-19T17:39:28","modified_gmt":"2024-01-19T17:39:28","slug":"o-que-fazemos","status":"publish","type":"page","link":"https:\/\/pssengenhariaeprojetos.com.br\/index.php\/o-que-fazemos\/","title":{"rendered":"O que fazemos"},"content":{"rendered":"\t\t<div data-elementor-type=\"wp-page\" data-elementor-id=\"21\" class=\"elementor elementor-21\" data-elementor-post-type=\"page\">\n\t\t\t\t<div class=\"elementor-element elementor-element-1a35bb9 e-flex e-con-boxed e-con e-parent\" data-id=\"1a35bb9\" data-element_type=\"container\">\n\t\t\t\t\t<div class=\"e-con-inner\">\n\t\t\t\t<div class=\"elementor-element elementor-element-cfe900f elementor-widget elementor-widget-heading\" data-id=\"cfe900f\" data-element_type=\"widget\" data-widget_type=\"heading.default\">\n\t\t\t\t<div class=\"elementor-widget-container\">\n\t\t\t\t\t<h2 class=\"elementor-heading-title elementor-size-default\">O QUE FAZEMOS<\/h2>\t\t\t\t<\/div>\n\t\t\t\t<\/div>\n\t\t\t\t<div class=\"elementor-element elementor-element-24356b5 elementor-widget elementor-widget-text-editor\" data-id=\"24356b5\" data-element_type=\"widget\" data-widget_type=\"text-editor.default\">\n\t\t\t\t<div class=\"elementor-widget-container\">\n\t\t\t\t\t\t\t\t\t<p>Solu\u00e7\u00f5es para uma obra com planejamento, pontualidade na entrega e qualidade de execu\u00e7\u00e3o.<\/p>\t\t\t\t\t\t\t\t<\/div>\n\t\t\t\t<\/div>\n\t\t\t\t\t<\/div>\n\t\t\t\t<\/div>\n\t\t<div class=\"elementor-element elementor-element-e416bf1 e-flex e-con-boxed e-con e-parent\" data-id=\"e416bf1\" data-element_type=\"container\" data-settings=\"{&quot;background_background&quot;:&quot;classic&quot;}\">\n\t\t\t\t\t<div class=\"e-con-inner\">\n\t\t<div class=\"elementor-element elementor-element-539825f e-con-full e-flex e-con e-child\" data-id=\"539825f\" data-element_type=\"container\" data-settings=\"{&quot;background_background&quot;:&quot;classic&quot;}\">\n\t\t\t\t<div class=\"elementor-element elementor-element-a57a642 elementor-widget__width-inherit elementor-widget elementor-widget-image\" data-id=\"a57a642\" data-element_type=\"widget\" data-widget_type=\"image.default\">\n\t\t\t\t<div class=\"elementor-widget-container\">\n\t\t\t\t\t\t\t\t\t\t\t\t\t\t\t<img fetchpriority=\"high\" decoding=\"async\" width=\"903\" height=\"436\" src=\"https:\/\/pssengenhariaeprojetos.com.br\/wp-content\/uploads\/2023\/11\/Group-6-copy-1.png\" class=\"attachment-full size-full wp-image-180\" alt=\"\" srcset=\"https:\/\/pssengenhariaeprojetos.com.br\/wp-content\/uploads\/2023\/11\/Group-6-copy-1.png 903w, https:\/\/pssengenhariaeprojetos.com.br\/wp-content\/uploads\/2023\/11\/Group-6-copy-1-300x145.png 300w, https:\/\/pssengenhariaeprojetos.com.br\/wp-content\/uploads\/2023\/11\/Group-6-copy-1-768x371.png 768w, https:\/\/pssengenhariaeprojetos.com.br\/wp-content\/uploads\/2023\/11\/Group-6-copy-1-600x290.png 600w\" sizes=\"(max-width: 903px) 100vw, 903px\" \/>\t\t\t\t\t\t\t\t\t\t\t\t\t\t\t<\/div>\n\t\t\t\t<\/div>\n\t\t\t\t<div class=\"elementor-element elementor-element-634f692 elementor-widget elementor-widget-heading\" data-id=\"634f692\" data-element_type=\"widget\" data-widget_type=\"heading.default\">\n\t\t\t\t<div class=\"elementor-widget-container\">\n\t\t\t\t\t<h2 class=\"elementor-heading-title elementor-size-default\">PROJETO E EXECU\u00c7\u00c3O DE<\/h2>\t\t\t\t<\/div>\n\t\t\t\t<\/div>\n\t\t\t\t<div class=\"elementor-element elementor-element-948b36a elementor-widget elementor-widget-heading\" data-id=\"948b36a\" data-element_type=\"widget\" data-widget_type=\"heading.default\">\n\t\t\t\t<div class=\"elementor-widget-container\">\n\t\t\t\t\t<h2 class=\"elementor-heading-title elementor-size-default\">RECUPERA\u00c7\u00c3O ESTRUTURAL<\/h2>\t\t\t\t<\/div>\n\t\t\t\t<\/div>\n\t\t\t\t<div class=\"elementor-element elementor-element-1f0e1bd elementor-widget elementor-widget-text-editor\" data-id=\"1f0e1bd\" data-element_type=\"widget\" data-widget_type=\"text-editor.default\">\n\t\t\t\t<div class=\"elementor-widget-container\">\n\t\t\t\t\t\t\t\t\t<p>A Recupera\u00e7\u00e3o estrutural de obra em concreto armado, \u00e9 necess\u00e1ria e muito relevante, pra que as estruturas tenham longevidade, atendam aos requisitos da Nova Norma de Desempenho 15.575\/2013. Que estabeleceu novos padr\u00f5es de efici\u00eancia para as edifica\u00e7\u00f5es, e estruturas de concreto aramado em geral.<\/p>\t\t\t\t\t\t\t\t<\/div>\n\t\t\t\t<\/div>\n\t\t\t\t<\/div>\n\t\t<div class=\"elementor-element elementor-element-c525209 e-con-full e-flex e-con e-child\" data-id=\"c525209\" data-element_type=\"container\" data-settings=\"{&quot;background_background&quot;:&quot;classic&quot;}\">\n\t\t\t\t<div class=\"elementor-element elementor-element-3b18dfc elementor-widget elementor-widget-image\" data-id=\"3b18dfc\" data-element_type=\"widget\" data-widget_type=\"image.default\">\n\t\t\t\t<div class=\"elementor-widget-container\">\n\t\t\t\t\t\t\t\t\t\t\t\t\t\t\t<img decoding=\"async\" width=\"901\" height=\"436\" src=\"https:\/\/pssengenhariaeprojetos.com.br\/wp-content\/uploads\/2023\/11\/Group-5-copy-1.png\" class=\"attachment-full size-full wp-image-179\" alt=\"\" srcset=\"https:\/\/pssengenhariaeprojetos.com.br\/wp-content\/uploads\/2023\/11\/Group-5-copy-1.png 901w, https:\/\/pssengenhariaeprojetos.com.br\/wp-content\/uploads\/2023\/11\/Group-5-copy-1-300x145.png 300w, https:\/\/pssengenhariaeprojetos.com.br\/wp-content\/uploads\/2023\/11\/Group-5-copy-1-768x372.png 768w, https:\/\/pssengenhariaeprojetos.com.br\/wp-content\/uploads\/2023\/11\/Group-5-copy-1-600x290.png 600w\" sizes=\"(max-width: 901px) 100vw, 901px\" \/>\t\t\t\t\t\t\t\t\t\t\t\t\t\t\t<\/div>\n\t\t\t\t<\/div>\n\t\t\t\t<div class=\"elementor-element elementor-element-02fe49f elementor-widget elementor-widget-heading\" data-id=\"02fe49f\" data-element_type=\"widget\" data-widget_type=\"heading.default\">\n\t\t\t\t<div class=\"elementor-widget-container\">\n\t\t\t\t\t<h2 class=\"elementor-heading-title elementor-size-default\">CONSTRU\u00c7\u00c3O DE CASAS<\/h2>\t\t\t\t<\/div>\n\t\t\t\t<\/div>\n\t\t\t\t<div class=\"elementor-element elementor-element-cf46f1e elementor-widget elementor-widget-heading\" data-id=\"cf46f1e\" data-element_type=\"widget\" data-widget_type=\"heading.default\">\n\t\t\t\t<div class=\"elementor-widget-container\">\n\t\t\t\t\t<h2 class=\"elementor-heading-title elementor-size-default\">EM ALTO PADR\u00c3O<\/h2>\t\t\t\t<\/div>\n\t\t\t\t<\/div>\n\t\t\t\t<div class=\"elementor-element elementor-element-881acc8 elementor-widget elementor-widget-text-editor\" data-id=\"881acc8\" data-element_type=\"widget\" data-widget_type=\"text-editor.default\">\n\t\t\t\t<div class=\"elementor-widget-container\">\n\t\t\t\t\t\t\t\t\t<p>A\u00a0constru\u00e7\u00e3o de casas residenciais de alto padr\u00e3o, inicia-se com a contrata\u00e7\u00e3o de projetista qualificado e experiente, e termina com a contrata\u00e7\u00e3o de uma empresa para execu\u00e7\u00e3o que tenha em seus conceitos a qualidade de m\u00e3o de obra e uso de materiais de alta efici\u00eancia. A\u00a0PSS\u00a0Engenharia tem parcerias com arquitetos e profissionais de muita qualidade t\u00e9cnica que podem lhe ajudar. Contate-nos.<\/p>\t\t\t\t\t\t\t\t<\/div>\n\t\t\t\t<\/div>\n\t\t\t\t<\/div>\n\t\t\t\t\t<\/div>\n\t\t\t\t<\/div>\n\t\t<div class=\"elementor-element elementor-element-ba24024 e-flex e-con-boxed e-con e-parent\" data-id=\"ba24024\" data-element_type=\"container\" data-settings=\"{&quot;background_background&quot;:&quot;classic&quot;}\">\n\t\t\t\t\t<div class=\"e-con-inner\">\n\t\t<div class=\"elementor-element elementor-element-42dfd5d e-con-full e-flex e-con e-child\" data-id=\"42dfd5d\" data-element_type=\"container\" data-settings=\"{&quot;background_background&quot;:&quot;classic&quot;}\">\n\t\t\t\t<div class=\"elementor-element elementor-element-72c6ef1 elementor-widget elementor-widget-image\" data-id=\"72c6ef1\" data-element_type=\"widget\" data-widget_type=\"image.default\">\n\t\t\t\t<div class=\"elementor-widget-container\">\n\t\t\t\t\t\t\t\t\t\t\t\t\t\t\t<img decoding=\"async\" width=\"903\" height=\"435\" src=\"https:\/\/pssengenhariaeprojetos.com.br\/wp-content\/uploads\/2023\/11\/Group-4-copy-1-1.png\" class=\"attachment-full size-full wp-image-181\" alt=\"\" srcset=\"https:\/\/pssengenhariaeprojetos.com.br\/wp-content\/uploads\/2023\/11\/Group-4-copy-1-1.png 903w, https:\/\/pssengenhariaeprojetos.com.br\/wp-content\/uploads\/2023\/11\/Group-4-copy-1-1-300x145.png 300w, https:\/\/pssengenhariaeprojetos.com.br\/wp-content\/uploads\/2023\/11\/Group-4-copy-1-1-768x370.png 768w, https:\/\/pssengenhariaeprojetos.com.br\/wp-content\/uploads\/2023\/11\/Group-4-copy-1-1-600x289.png 600w\" sizes=\"(max-width: 903px) 100vw, 903px\" \/>\t\t\t\t\t\t\t\t\t\t\t\t\t\t\t<\/div>\n\t\t\t\t<\/div>\n\t\t\t\t<div class=\"elementor-element elementor-element-6ba298b elementor-widget elementor-widget-heading\" data-id=\"6ba298b\" data-element_type=\"widget\" data-widget_type=\"heading.default\">\n\t\t\t\t<div class=\"elementor-widget-container\">\n\t\t\t\t\t<h2 class=\"elementor-heading-title elementor-size-default\">PROJE\u00c7\u00c3O E EXECU\u00c7\u00c3O DE<\/h2>\t\t\t\t<\/div>\n\t\t\t\t<\/div>\n\t\t\t\t<div class=\"elementor-element elementor-element-2a3f146 elementor-widget elementor-widget-heading\" data-id=\"2a3f146\" data-element_type=\"widget\" data-widget_type=\"heading.default\">\n\t\t\t\t<div class=\"elementor-widget-container\">\n\t\t\t\t\t<h2 class=\"elementor-heading-title elementor-size-default\">IMPERMEABILIZA\u00c7\u00c3O E ISOLAMENTO T\u00c9RMICO<\/h2>\t\t\t\t<\/div>\n\t\t\t\t<\/div>\n\t\t\t\t<div class=\"elementor-element elementor-element-38139ef elementor-widget elementor-widget-text-editor\" data-id=\"38139ef\" data-element_type=\"widget\" data-widget_type=\"text-editor.default\">\n\t\t\t\t<div class=\"elementor-widget-container\">\n\t\t\t\t\t\t\t\t\tUma das patologias mais frequentes, e que deteriora as estruturas, de concreto, fachadas de edif\u00edcios, \u00e9 a infiltra\u00e7\u00e3o. Os custos de refazimento de uma impermeabiliza\u00e7\u00e3o mal feita, chegam a 5 vezes o valor inicial dos servi\u00e7os. Por isso, voc\u00ea precisa impermeabilizar seu edif\u00edcio, sua piscina, seu reservat\u00f3rio, e qualquer superf\u00edcie em contato com \u00e1gua, com materiais e m\u00e3o de obra, qualificados.\n\t\t\t\t\t\t\t\t<\/div>\n\t\t\t\t<\/div>\n\t\t\t\t<\/div>\n\t\t<div class=\"elementor-element elementor-element-43eccea e-con-full e-flex e-con e-child\" data-id=\"43eccea\" data-element_type=\"container\" data-settings=\"{&quot;background_background&quot;:&quot;classic&quot;}\">\n\t\t\t\t<div class=\"elementor-element elementor-element-5078245 elementor-widget elementor-widget-image\" data-id=\"5078245\" data-element_type=\"widget\" data-widget_type=\"image.default\">\n\t\t\t\t<div class=\"elementor-widget-container\">\n\t\t\t\t\t\t\t\t\t\t\t\t\t\t\t<img loading=\"lazy\" decoding=\"async\" width=\"904\" height=\"436\" src=\"https:\/\/pssengenhariaeprojetos.com.br\/wp-content\/uploads\/2023\/11\/Group-3-copy-1.png\" class=\"attachment-full size-full wp-image-177\" alt=\"\" srcset=\"https:\/\/pssengenhariaeprojetos.com.br\/wp-content\/uploads\/2023\/11\/Group-3-copy-1.png 904w, https:\/\/pssengenhariaeprojetos.com.br\/wp-content\/uploads\/2023\/11\/Group-3-copy-1-300x145.png 300w, https:\/\/pssengenhariaeprojetos.com.br\/wp-content\/uploads\/2023\/11\/Group-3-copy-1-768x370.png 768w, https:\/\/pssengenhariaeprojetos.com.br\/wp-content\/uploads\/2023\/11\/Group-3-copy-1-600x289.png 600w\" sizes=\"(max-width: 904px) 100vw, 904px\" \/>\t\t\t\t\t\t\t\t\t\t\t\t\t\t\t<\/div>\n\t\t\t\t<\/div>\n\t\t\t\t<div class=\"elementor-element elementor-element-fcfe29d elementor-widget elementor-widget-heading\" data-id=\"fcfe29d\" data-element_type=\"widget\" data-widget_type=\"heading.default\">\n\t\t\t\t<div class=\"elementor-widget-container\">\n\t\t\t\t\t<h2 class=\"elementor-heading-title elementor-size-default\">EXECU\u00c7\u00c3O DE OBRAS<\/h2>\t\t\t\t<\/div>\n\t\t\t\t<\/div>\n\t\t\t\t<div class=\"elementor-element elementor-element-fcd4a0a elementor-widget elementor-widget-heading\" data-id=\"fcd4a0a\" data-element_type=\"widget\" data-widget_type=\"heading.default\">\n\t\t\t\t<div class=\"elementor-widget-container\">\n\t\t\t\t\t<h2 class=\"elementor-heading-title elementor-size-default\">E INFRAESTRUTURA<\/h2>\t\t\t\t<\/div>\n\t\t\t\t<\/div>\n\t\t\t\t<div class=\"elementor-element elementor-element-fc9983b elementor-widget elementor-widget-text-editor\" data-id=\"fc9983b\" data-element_type=\"widget\" data-widget_type=\"text-editor.default\">\n\t\t\t\t<div class=\"elementor-widget-container\">\n\t\t\t\t\t\t\t\t\t<p>Nossa empresa tamb\u00e9m atua na execu\u00e7\u00e3o de obras de infra estruturas como: redes de distribui\u00e7\u00e3o de \u00e1gua,\u00a0 execu\u00e7\u00e3o de esta\u00e7\u00f5es de tratamento de \u00e1gua, e de esgoto,\u00a0 obras de reservat\u00f3rios de distribui\u00e7\u00e3o e reserva\u00e7\u00e3o. Tudo isso com qualidade de planejamento e atendimento aos prazos contratuais.<\/p>\t\t\t\t\t\t\t\t<\/div>\n\t\t\t\t<\/div>\n\t\t\t\t<\/div>\n\t\t\t\t\t<\/div>\n\t\t\t\t<\/div>\n\t\t\t\t<\/div>\n\t\t","protected":false},"excerpt":{"rendered":"<p>O QUE FAZEMOS Solu\u00e7\u00f5es para uma obra com planejamento, pontualidade na entrega e qualidade de execu\u00e7\u00e3o. PROJETO E EXECU\u00c7\u00c3O DE RECUPERA\u00c7\u00c3O ESTRUTURAL A Recupera\u00e7\u00e3o estrutural de obra em concreto armado, \u00e9 necess\u00e1ria e muito relevante, pra que as estruturas tenham longevidade, atendam aos requisitos da Nova Norma de Desempenho 15.575\/2013. Que estabeleceu novos padr\u00f5es de [&hellip;]<\/p>\n","protected":false},"author":1,"featured_media":0,"parent":0,"menu_order":0,"comment_status":"closed","ping_status":"closed","template":"elementor_header_footer","meta":{"_acf_changed":false,"_joinchat":[],"footnotes":""},"class_list":["post-21","page","type-page","status-publish","hentry"],"acf":[],"_links":{"self":[{"href":"https:\/\/pssengenhariaeprojetos.com.br\/index.php\/wp-json\/wp\/v2\/pages\/21","targetHints":{"allow":["GET"]}}],"collection":[{"href":"https:\/\/pssengenhariaeprojetos.com.br\/index.php\/wp-json\/wp\/v2\/pages"}],"about":[{"href":"https:\/\/pssengenhariaeprojetos.com.br\/index.php\/wp-json\/wp\/v2\/types\/page"}],"author":[{"embeddable":true,"href":"https:\/\/pssengenhariaeprojetos.com.br\/index.php\/wp-json\/wp\/v2\/users\/1"}],"replies":[{"embeddable":true,"href":"https:\/\/pssengenhariaeprojetos.com.br\/index.php\/wp-json\/wp\/v2\/comments?post=21"}],"version-history":[{"count":7,"href":"https:\/\/pssengenhariaeprojetos.com.br\/index.php\/wp-json\/wp\/v2\/pages\/21\/revisions"}],"predecessor-version":[{"id":283,"href":"https:\/\/pssengenhariaeprojetos.com.br\/index.php\/wp-json\/wp\/v2\/pages\/21\/revisions\/283"}],"wp:attachment":[{"href":"https:\/\/pssengenhariaeprojetos.com.br\/index.php\/wp-json\/wp\/v2\/media?parent=21"}],"curies":[{"name":"wp","href":"https:\/\/api.w.org\/{rel}","templated":true}]}}