{"id":26,"date":"2023-11-08T19:30:44","date_gmt":"2023-11-08T19:30:44","guid":{"rendered":"https:\/\/pssengenhariaeprojetos.com.br\/?page_id=26"},"modified":"2024-02-20T19:20:29","modified_gmt":"2024-02-20T19:20:29","slug":"blog","status":"publish","type":"page","link":"https:\/\/pssengenhariaeprojetos.com.br\/index.php\/blog\/","title":{"rendered":"Blog"},"content":{"rendered":"\t\t<div data-elementor-type=\"wp-page\" data-elementor-id=\"26\" class=\"elementor elementor-26\" data-elementor-post-type=\"page\">\n\t\t\t\t<div class=\"elementor-element elementor-element-31eb9e3 e-flex e-con-boxed e-con e-parent\" data-id=\"31eb9e3\" data-element_type=\"container\">\n\t\t\t\t\t<div class=\"e-con-inner\">\n\t\t\t\t<div class=\"elementor-element elementor-element-8c4e3e0 elementor-widget elementor-widget-heading\" data-id=\"8c4e3e0\" data-element_type=\"widget\" data-widget_type=\"heading.default\">\n\t\t\t\t<div class=\"elementor-widget-container\">\n\t\t\t\t\t<h2 class=\"elementor-heading-title elementor-size-default\">BLOG DA PSS ENGENHARIA<\/h2>\t\t\t\t<\/div>\n\t\t\t\t<\/div>\n\t\t\t\t<div class=\"elementor-element elementor-element-50a47bd elementor-widget elementor-widget-text-editor\" data-id=\"50a47bd\" data-element_type=\"widget\" data-widget_type=\"text-editor.default\">\n\t\t\t\t<div class=\"elementor-widget-container\">\n\t\t\t\t\t\t\t\t\t<div class=\"elementor-element elementor-element-18774cd elementor-widget elementor-widget-text-editor\" data-id=\"18774cd\" data-element_type=\"widget\" data-widget_type=\"text-editor.default\"><div class=\"elementor-widget-container\"><p>Mantenha-se atualizado com postagens sobre engenharia e segmentos atendidos por n\u00f3s.<\/p><\/div><\/div>\t\t\t\t\t\t\t\t<\/div>\n\t\t\t\t<\/div>\n\t\t\t\t\t<\/div>\n\t\t\t\t<\/div>\n\t\t<div class=\"elementor-element elementor-element-71aac1d e-flex e-con-boxed e-con e-parent\" data-id=\"71aac1d\" data-element_type=\"container\">\n\t\t\t\t\t<div class=\"e-con-inner\">\n\t\t\t\t<div class=\"elementor-element elementor-element-a535544 upk-primary-meta-end-position--yes elementor-widget elementor-widget-upk-alter-grid\" data-id=\"a535544\" data-element_type=\"widget\" data-widget_type=\"upk-alter-grid.default\">\n\t\t\t\t<div class=\"elementor-widget-container\">\n\t\t\t\t\t\n\t\t<div class=\"upk-alter-grid\">\n\t\t\t<div class=\"upk-post-grid upk-style-1\">\n\n\t\t\t\t\n\t\t\t\t\t\t\t<div class=\"upk-item\">\n\t\t\t<div class=\"upk-item-box\">\n\t\t\t\t<div class=\"upk-img-wrap\">\n\t\t\t\t\t<div class=\"upk-main-img\">\n\t\t\t\t\t\t<img fetchpriority=\"high\" decoding=\"async\" width=\"300\" height=\"225\" src=\"https:\/\/pssengenhariaeprojetos.com.br\/wp-content\/uploads\/2024\/02\/construction-workers-are-installing-steel-rods-reinforced-concrete-beam-1-1-300x225.jpg\" class=\"upk-img\" alt=\"Projeto de Execu\u00e7\u00e3o e Recupera\u00e7\u00e3o Estrutural: Desempenho conforme Norma de 2013\" srcset=\"https:\/\/pssengenhariaeprojetos.com.br\/wp-content\/uploads\/2024\/02\/construction-workers-are-installing-steel-rods-reinforced-concrete-beam-1-1-300x225.jpg 300w, https:\/\/pssengenhariaeprojetos.com.br\/wp-content\/uploads\/2024\/02\/construction-workers-are-installing-steel-rods-reinforced-concrete-beam-1-1-768x576.jpg 768w, https:\/\/pssengenhariaeprojetos.com.br\/wp-content\/uploads\/2024\/02\/construction-workers-are-installing-steel-rods-reinforced-concrete-beam-1-1-600x450.jpg 600w, https:\/\/pssengenhariaeprojetos.com.br\/wp-content\/uploads\/2024\/02\/construction-workers-are-installing-steel-rods-reinforced-concrete-beam-1-1.jpg 875w\" sizes=\"(max-width: 300px) 100vw, 300px\" \/>\t\t\t\t\t\t\t\t\t\t\t\t\t\t\t\t\t<\/div>\n\t\t\t\t<\/div>\n\n\t\t\t\t<div class=\"upk-content\">\n\t\t\t\t\t<div>\n\n\t\t\t\t\t\t\n\t\t\t\t\t\t<h3 class=\"upk-title\"><a href=\"https:\/\/pssengenhariaeprojetos.com.br\/index.php\/2024\/02\/07\/projeto-de-execucao-e-recuperacao-estrutural-desempenho-conforme-norma-de-2013\/\" title=\"Projeto de Execu\u00e7\u00e3o e Recupera\u00e7\u00e3o Estrutural: Desempenho conforme Norma de 2013\" class=\"title-animation-underline\" >Projeto de Execu\u00e7\u00e3o e Recupera\u00e7\u00e3o Estrutural: Desempenho conforme Norma de 2013<\/a><\/h3>\t\t\t\t\t\t<div class=\"upk-text-wrap\">\n\t\t\t\t\t\t\t\t\t<div class=\"upk-text\">\n\t\t\t<p>Na ind\u00fastria da constru\u00e7\u00e3o civil, a integridade estrutural \u00e9 um aspecto fundamental para garantir a seguran\u00e7a e a durabilidade das<\/p>\n\t\t<\/div>\n\t\t\t\t\t\t\t\t\t\t\t\t\t\t\t<\/div>\n\n\t\t\t\t\t\t\t\t\t\t\t\t\t<div class=\"upk-meta\">\n\t\t\t\t\t\t\t\t\n\t\t\t\t\t\t\t\t\t\t\t\t\t\t\t\t\t<div data-separator=\"|\">\n\t\t\t\t\t\t\t\t\t\t\t\t<div class=\"upk-date\">\n\t\t\tfevereiro 7, 2024\t\t<\/div>\n\n\t\t\t\t\t\t\t\t\t\t\t\t<\/div>\n\t\t\t\t\t\t\t\t\n\t\t\t\t\t\t\t\t\t\t\t\t\t\t\t<\/div>\n\t\t\t\t\t\t\n\t\t\t\t\t<\/div>\n\t\t\t\t<\/div>\n\n\t\t\t<\/div>\n\t\t<\/div>\n\t\n\t\t\t\t\n\t\t\t\t\t\t\t<div class=\"upk-item\">\n\t\t\t<div class=\"upk-item-box\">\n\t\t\t\t<div class=\"upk-img-wrap\">\n\t\t\t\t\t<div class=\"upk-main-img\">\n\t\t\t\t\t\t<img decoding=\"async\" width=\"300\" height=\"171\" src=\"https:\/\/pssengenhariaeprojetos.com.br\/wp-content\/uploads\/2024\/02\/architecture-nature-merge-modern-design-generative-ai-1-1-300x171.jpg\" class=\"upk-img\" alt=\"Por que Contratar uma Equipe de Engenharia para Casa de Alto Padr\u00e3o?\" srcset=\"https:\/\/pssengenhariaeprojetos.com.br\/wp-content\/uploads\/2024\/02\/architecture-nature-merge-modern-design-generative-ai-1-1-300x171.jpg 300w, https:\/\/pssengenhariaeprojetos.com.br\/wp-content\/uploads\/2024\/02\/architecture-nature-merge-modern-design-generative-ai-1-1-1024x585.jpg 1024w, https:\/\/pssengenhariaeprojetos.com.br\/wp-content\/uploads\/2024\/02\/architecture-nature-merge-modern-design-generative-ai-1-1-768x439.jpg 768w, https:\/\/pssengenhariaeprojetos.com.br\/wp-content\/uploads\/2024\/02\/architecture-nature-merge-modern-design-generative-ai-1-1-150x85.jpg 150w, https:\/\/pssengenhariaeprojetos.com.br\/wp-content\/uploads\/2024\/02\/architecture-nature-merge-modern-design-generative-ai-1-1-600x343.jpg 600w, https:\/\/pssengenhariaeprojetos.com.br\/wp-content\/uploads\/2024\/02\/architecture-nature-merge-modern-design-generative-ai-1-1.jpg 1400w\" sizes=\"(max-width: 300px) 100vw, 300px\" \/>\t\t\t\t\t\t\t\t\t\t\t\t\t\t\t\t\t<\/div>\n\t\t\t\t<\/div>\n\n\t\t\t\t<div class=\"upk-content\">\n\t\t\t\t\t<div>\n\n\t\t\t\t\t\t\n\t\t\t\t\t\t<h3 class=\"upk-title\"><a href=\"https:\/\/pssengenhariaeprojetos.com.br\/index.php\/2024\/02\/07\/por-que-contratar-uma-equipe-de-engenharia-para-casa-de-alto-padrao\/\" title=\"Por que Contratar uma Equipe de Engenharia para Casa de Alto Padr\u00e3o?\" class=\"title-animation-underline\" >Por que Contratar uma Equipe de Engenharia para Casa de Alto Padr\u00e3o?<\/a><\/h3>\t\t\t\t\t\t<div class=\"upk-text-wrap\">\n\t\t\t\t\t\t\t\t\t<div class=\"upk-text\">\n\t\t\t<p>Quando se trata da constru\u00e7\u00e3o de uma casa de alto padr\u00e3o, cada detalhe \u00e9 crucial para alcan\u00e7ar um resultado excepcional.<\/p>\n\t\t<\/div>\n\t\t\t\t\t\t\t\t\t\t\t\t\t\t\t<\/div>\n\n\t\t\t\t\t\t\t\t\t\t\t\t\t<div class=\"upk-meta\">\n\t\t\t\t\t\t\t\t\n\t\t\t\t\t\t\t\t\t\t\t\t\t\t\t\t\t<div data-separator=\"|\">\n\t\t\t\t\t\t\t\t\t\t\t\t<div class=\"upk-date\">\n\t\t\tfevereiro 7, 2024\t\t<\/div>\n\n\t\t\t\t\t\t\t\t\t\t\t\t<\/div>\n\t\t\t\t\t\t\t\t\n\t\t\t\t\t\t\t\t\t\t\t\t\t\t\t<\/div>\n\t\t\t\t\t\t\n\t\t\t\t\t<\/div>\n\t\t\t\t<\/div>\n\n\t\t\t<\/div>\n\t\t<\/div>\n\t\n\t\t\t\t\n\t\t\t\t\t\t\t<div class=\"upk-item\">\n\t\t\t<div class=\"upk-item-box\">\n\t\t\t\t<div class=\"upk-img-wrap\">\n\t\t\t\t\t<div class=\"upk-main-img\">\n\t\t\t\t\t\t<img decoding=\"async\" width=\"300\" height=\"200\" src=\"https:\/\/pssengenhariaeprojetos.com.br\/wp-content\/uploads\/2024\/02\/worker-performs-overhaul-roof-residential-building-1-1-300x200.jpg\" class=\"upk-img\" alt=\"Por que contratar uma Equipe de Engenharia para Projetos de Impermeabiliza\u00e7\u00e3o e Isolamento T\u00e9rmico?\" srcset=\"https:\/\/pssengenhariaeprojetos.com.br\/wp-content\/uploads\/2024\/02\/worker-performs-overhaul-roof-residential-building-1-1-300x200.jpg 300w, https:\/\/pssengenhariaeprojetos.com.br\/wp-content\/uploads\/2024\/02\/worker-performs-overhaul-roof-residential-building-1-1-1024x683.jpg 1024w, https:\/\/pssengenhariaeprojetos.com.br\/wp-content\/uploads\/2024\/02\/worker-performs-overhaul-roof-residential-building-1-1-768x512.jpg 768w, https:\/\/pssengenhariaeprojetos.com.br\/wp-content\/uploads\/2024\/02\/worker-performs-overhaul-roof-residential-building-1-1-600x400.jpg 600w, https:\/\/pssengenhariaeprojetos.com.br\/wp-content\/uploads\/2024\/02\/worker-performs-overhaul-roof-residential-building-1-1.jpg 1392w\" sizes=\"(max-width: 300px) 100vw, 300px\" \/>\t\t\t\t\t\t\t\t\t\t\t\t\t\t\t\t\t<\/div>\n\t\t\t\t<\/div>\n\n\t\t\t\t<div class=\"upk-content\">\n\t\t\t\t\t<div>\n\n\t\t\t\t\t\t\n\t\t\t\t\t\t<h3 class=\"upk-title\"><a href=\"https:\/\/pssengenhariaeprojetos.com.br\/index.php\/2024\/02\/07\/por-que-contratar-uma-equipe-de-engenharia-para-projetos-de-impermeabilizacao-e-isolamento-termico\/\" title=\"Por que contratar uma Equipe de Engenharia para Projetos de Impermeabiliza\u00e7\u00e3o e Isolamento T\u00e9rmico?\" class=\"title-animation-underline\" >Por que contratar uma Equipe de Engenharia para Projetos de Impermeabiliza\u00e7\u00e3o e Isolamento T\u00e9rmico?<\/a><\/h3>\t\t\t\t\t\t<div class=\"upk-text-wrap\">\n\t\t\t\t\t\t\t\t\t<div class=\"upk-text\">\n\t\t\t<p>Na ind\u00fastria da constru\u00e7\u00e3o civil, a impermeabiliza\u00e7\u00e3o e o isolamento t\u00e9rmico s\u00e3o aspectos cruciais para garantir a durabilidade, seguran\u00e7a e efici\u00eancia energ\u00e9tica de edif\u00edcios e estruturas<\/p>\n\t\t<\/div>\n\t\t\t\t\t\t\t\t\t\t\t\t\t\t\t<\/div>\n\n\t\t\t\t\t\t\t\t\t\t\t\t\t<div class=\"upk-meta\">\n\t\t\t\t\t\t\t\t\n\t\t\t\t\t\t\t\t\t\t\t\t\t\t\t\t\t<div data-separator=\"|\">\n\t\t\t\t\t\t\t\t\t\t\t\t<div class=\"upk-date\">\n\t\t\tfevereiro 7, 2024\t\t<\/div>\n\n\t\t\t\t\t\t\t\t\t\t\t\t<\/div>\n\t\t\t\t\t\t\t\t\n\t\t\t\t\t\t\t\t\t\t\t\t\t\t\t<\/div>\n\t\t\t\t\t\t\n\t\t\t\t\t<\/div>\n\t\t\t\t<\/div>\n\n\t\t\t<\/div>\n\t\t<\/div>\n\t\n\t\t\t\t\t\t\t<\/div>\n\t\t<\/div>\n\n\t\t\t\t\t<div class=\"ep-pagination\">\n\t\t\t\t\t\t\t<\/div>\n\t\t\t\t<\/div>\n\t\t\t\t<\/div>\n\t\t\t\t\t<\/div>\n\t\t\t\t<\/div>\n\t\t\t\t<\/div>\n\t\t","protected":false},"excerpt":{"rendered":"<p>BLOG DA PSS ENGENHARIA Mantenha-se atualizado com postagens sobre engenharia e segmentos atendidos por n\u00f3s. Projeto de Execu\u00e7\u00e3o e Recupera\u00e7\u00e3o Estrutural: Desempenho conforme Norma de 2013 Na ind\u00fastria da constru\u00e7\u00e3o civil, a integridade estrutural \u00e9 um aspecto fundamental para garantir a seguran\u00e7a e a durabilidade das edifica\u00e7\u00f5es ao longo do tempo. Com o avan\u00e7o das [&hellip;]<\/p>\n","protected":false},"author":1,"featured_media":0,"parent":0,"menu_order":0,"comment_status":"closed","ping_status":"closed","template":"elementor_header_footer","meta":{"_acf_changed":false,"_joinchat":[],"footnotes":""},"class_list":["post-26","page","type-page","status-publish","hentry"],"acf":[],"_links":{"self":[{"href":"https:\/\/pssengenhariaeprojetos.com.br\/index.php\/wp-json\/wp\/v2\/pages\/26","targetHints":{"allow":["GET"]}}],"collection":[{"href":"https:\/\/pssengenhariaeprojetos.com.br\/index.php\/wp-json\/wp\/v2\/pages"}],"about":[{"href":"https:\/\/pssengenhariaeprojetos.com.br\/index.php\/wp-json\/wp\/v2\/types\/page"}],"author":[{"embeddable":true,"href":"https:\/\/pssengenhariaeprojetos.com.br\/index.php\/wp-json\/wp\/v2\/users\/1"}],"replies":[{"embeddable":true,"href":"https:\/\/pssengenhariaeprojetos.com.br\/index.php\/wp-json\/wp\/v2\/comments?post=26"}],"version-history":[{"count":14,"href":"https:\/\/pssengenhariaeprojetos.com.br\/index.php\/wp-json\/wp\/v2\/pages\/26\/revisions"}],"predecessor-version":[{"id":468,"href":"https:\/\/pssengenhariaeprojetos.com.br\/index.php\/wp-json\/wp\/v2\/pages\/26\/revisions\/468"}],"wp:attachment":[{"href":"https:\/\/pssengenhariaeprojetos.com.br\/index.php\/wp-json\/wp\/v2\/media?parent=26"}],"curies":[{"name":"wp","href":"https:\/\/api.w.org\/{rel}","templated":true}]}}